{"id":1354,"date":"2024-01-29T16:27:54","date_gmt":"2024-01-29T16:27:54","guid":{"rendered":"https:\/\/www.passage309.seven.webcontact.de\/?page_id=1354"},"modified":"2024-03-25T11:34:39","modified_gmt":"2024-03-25T11:34:39","slug":"projekt-touristische-nutzung","status":"publish","type":"page","link":"https:\/\/www.passage309.eu\/fr\/projekt-touristische-nutzung\/","title":{"rendered":"Projekt Touristische Nutzung"},"content":{"rendered":"<div data-elementor-type=\"wp-page\" data-elementor-id=\"1354\" class=\"elementor elementor-1354\">\n\t\t\t\t\t\t<section class=\"elementor-section elementor-top-section elementor-element elementor-element-1068c50 elementor-section-boxed elementor-section-height-default elementor-section-height-default parallax_section_no qode_elementor_container_no\" data-id=\"1068c50\" data-element_type=\"section\" data-e-type=\"section\">\n\t\t\t\t\t\t<div class=\"elementor-container elementor-column-gap-default\">\n\t\t\t\t\t<div class=\"elementor-column elementor-col-100 elementor-top-column elementor-element elementor-element-ba79e7a\" data-id=\"ba79e7a\" data-element_type=\"column\" data-e-type=\"column\">\n\t\t\t<div class=\"elementor-widget-wrap elementor-element-populated\">\n\t\t\t\t\t\t<div class=\"elementor-element elementor-element-51d4d5f elementor-widget__width-initial elementor-widget-tablet__width-inherit elementor-widget elementor-widget-heading\" data-id=\"51d4d5f\" data-element_type=\"widget\" data-e-type=\"widget\" data-widget_type=\"heading.default\">\n\t\t\t\t<div class=\"elementor-widget-container\">\n\t\t\t\t\t<h2 class=\"elementor-heading-title elementor-size-default\">Mise en Tourisme du Site Rh\u00e9nan de Gambsheim-Rheinau et Environs<\/h2>\t\t\t\t<\/div>\n\t\t\t\t<\/div>\n\t\t\t\t<div class=\"elementor-element elementor-element-095e05c elementor-widget__width-initial elementor-widget-tablet__width-inherit elementor-widget elementor-widget-text-editor\" data-id=\"095e05c\" data-element_type=\"widget\" data-e-type=\"widget\" data-widget_type=\"text-editor.default\">\n\t\t\t\t<div class=\"elementor-widget-container\">\n\t\t\t\t\t\t\t\t\tDepuis sa cr\u00e9ation en 2005, l'association Passage309 a dirig\u00e9 plusieurs projets europ\u00e9ens, dont celui de la mise en tourisme du site rh\u00e9nan de Gambsheim-Rheinau et environs. L'objectif \u00e9tait de cr\u00e9er un espace \u00e9cotouristique transfrontalier, attirant les flux touristiques transitant par le pont-route du barrage de Gambsheim-Rheinau.\n<br><br>\nGr\u00e2ce \u00e0 ce projet, les visiteurs ont pu d\u00e9couvrir l'une des plus grandes passes \u00e0 poissons d'Europe, inaugur\u00e9e le 19 mai 2007, accueillant 30 000 visiteurs d\u00e8s la premi\u00e8re ann\u00e9e. L'am\u00e9nagement des espaces visiteurs et la mise en place d'un lieu d'accueil du public ont \u00e9t\u00e9 r\u00e9alis\u00e9s avec succ\u00e8s. De plus, un office de tourisme transfrontalier a \u00e9t\u00e9 cr\u00e9\u00e9 pour informer sur cette installation et promouvoir les attraits touristiques de la r\u00e9gion.\nLe projet, d'une envergure de 900 000 \u20ac, a \u00e9t\u00e9 r\u00e9alis\u00e9 avec le soutien de partenaires engag\u00e9s.\t\t\t\t\t\t\t\t<\/div>\n\t\t\t\t<\/div>\n\t\t\t\t<section class=\"elementor-section elementor-inner-section elementor-element elementor-element-851201b elementor-section-full_width elementor-section-height-default elementor-section-height-default parallax_section_no qode_elementor_container_no\" data-id=\"851201b\" data-element_type=\"section\" data-e-type=\"section\">\n\t\t\t\t\t\t<div class=\"elementor-container elementor-column-gap-default\">\n\t\t\t\t\t<div class=\"elementor-column elementor-col-33 elementor-inner-column elementor-element elementor-element-6d26f45\" data-id=\"6d26f45\" data-element_type=\"column\" data-e-type=\"column\">\n\t\t\t<div class=\"elementor-widget-wrap elementor-element-populated\">\n\t\t\t\t\t\t<div class=\"elementor-element elementor-element-ccbd7ca elementor-widget__width-auto e-transform elementor-widget elementor-widget-image\" data-id=\"ccbd7ca\" data-element_type=\"widget\" data-e-type=\"widget\" data-settings=\"{&quot;_transform_scale_effect_hover&quot;:{&quot;unit&quot;:&quot;px&quot;,&quot;size&quot;:1.05,&quot;sizes&quot;:[]},&quot;_transform_scale_effect_hover_tablet&quot;:{&quot;unit&quot;:&quot;px&quot;,&quot;size&quot;:&quot;&quot;,&quot;sizes&quot;:[]},&quot;_transform_scale_effect_hover_mobile&quot;:{&quot;unit&quot;:&quot;px&quot;,&quot;size&quot;:&quot;&quot;,&quot;sizes&quot;:[]}}\" data-widget_type=\"image.default\">\n\t\t\t\t<div class=\"elementor-widget-container\">\n\t\t\t\t\t\t\t\t\t\t\t\t\t\t\t\t<a href=\"https:\/\/www.passage309.eu\/wp-content\/uploads\/2024\/01\/inauguration_pap.jpg\" data-elementor-open-lightbox=\"yes\" data-elementor-lightbox-title=\"inauguration_pap\" data-e-action-hash=\"#elementor-action%3Aaction%3Dlightbox%26settings%3DeyJpZCI6MTM2OSwidXJsIjoiaHR0cHM6XC9cL3d3dy5wYXNzYWdlMzA5LmV1XC93cC1jb250ZW50XC91cGxvYWRzXC8yMDI0XC8wMVwvaW5hdWd1cmF0aW9uX3BhcC1zY2FsZWQuanBnIn0%3D\">\n\t\t\t\t\t\t\t<img decoding=\"async\" src=\"https:\/\/www.passage309.eu\/wp-content\/uploads\/elementor\/thumbs\/inauguration_pap-scaled-qlrv02aovn5ibixi42v40absof2e6ajio2zpn3e9hc.jpg\" title=\"inauguration_pap\" alt=\"inauguration_pap\" loading=\"lazy\" \/>\t\t\t\t\t\t\t\t<\/a>\n\t\t\t\t\t\t\t\t\t\t\t\t\t\t\t<\/div>\n\t\t\t\t<\/div>\n\t\t\t\t\t<\/div>\n\t\t<\/div>\n\t\t\t\t<div class=\"elementor-column elementor-col-33 elementor-inner-column elementor-element elementor-element-9922426\" data-id=\"9922426\" data-element_type=\"column\" data-e-type=\"column\">\n\t\t\t<div class=\"elementor-widget-wrap elementor-element-populated\">\n\t\t\t\t\t\t<div class=\"elementor-element elementor-element-a882ab9 elementor-widget__width-auto e-transform elementor-widget elementor-widget-image\" data-id=\"a882ab9\" data-element_type=\"widget\" data-e-type=\"widget\" data-settings=\"{&quot;_transform_scale_effect_hover&quot;:{&quot;unit&quot;:&quot;px&quot;,&quot;size&quot;:1.05,&quot;sizes&quot;:[]},&quot;_transform_scale_effect_hover_tablet&quot;:{&quot;unit&quot;:&quot;px&quot;,&quot;size&quot;:&quot;&quot;,&quot;sizes&quot;:[]},&quot;_transform_scale_effect_hover_mobile&quot;:{&quot;unit&quot;:&quot;px&quot;,&quot;size&quot;:&quot;&quot;,&quot;sizes&quot;:[]}}\" data-widget_type=\"image.default\">\n\t\t\t\t<div class=\"elementor-widget-container\">\n\t\t\t\t\t\t\t\t\t\t\t\t\t\t\t\t<a href=\"https:\/\/www.passage309.eu\/wp-content\/uploads\/2024\/01\/inauguration_pap_2-scaled.jpg\" data-elementor-open-lightbox=\"yes\" data-elementor-lightbox-title=\"inauguration_pap_2\" data-e-action-hash=\"#elementor-action%3Aaction%3Dlightbox%26settings%3DeyJpZCI6MTM2OCwidXJsIjoiaHR0cHM6XC9cL3d3dy5wYXNzYWdlMzA5LmV1XC93cC1jb250ZW50XC91cGxvYWRzXC8yMDI0XC8wMVwvaW5hdWd1cmF0aW9uX3BhcF8yLXNjYWxlZC5qcGcifQ%3D%3D\">\n\t\t\t\t\t\t\t<img decoding=\"async\" src=\"https:\/\/www.passage309.eu\/wp-content\/uploads\/elementor\/thumbs\/inauguration_pap_2-scaled-qlrv0qqhtc2ypdy05dfet45s4fpxqf8jffyc4ae0zk.jpg\" title=\"inauguration_pap_2\" alt=\"inauguration_pap_2\" loading=\"lazy\" \/>\t\t\t\t\t\t\t\t<\/a>\n\t\t\t\t\t\t\t\t\t\t\t\t\t\t\t<\/div>\n\t\t\t\t<\/div>\n\t\t\t\t\t<\/div>\n\t\t<\/div>\n\t\t\t\t<div class=\"elementor-column elementor-col-33 elementor-inner-column elementor-element elementor-element-52b9e3b\" data-id=\"52b9e3b\" data-element_type=\"column\" data-e-type=\"column\">\n\t\t\t<div class=\"elementor-widget-wrap elementor-element-populated\">\n\t\t\t\t\t\t<div class=\"elementor-element elementor-element-fcbf585 elementor-widget__width-auto e-transform elementor-widget elementor-widget-image\" data-id=\"fcbf585\" data-element_type=\"widget\" data-e-type=\"widget\" data-settings=\"{&quot;_transform_scale_effect_hover&quot;:{&quot;unit&quot;:&quot;px&quot;,&quot;size&quot;:1.05,&quot;sizes&quot;:[]},&quot;_transform_scale_effect_hover_tablet&quot;:{&quot;unit&quot;:&quot;px&quot;,&quot;size&quot;:&quot;&quot;,&quot;sizes&quot;:[]},&quot;_transform_scale_effect_hover_mobile&quot;:{&quot;unit&quot;:&quot;px&quot;,&quot;size&quot;:&quot;&quot;,&quot;sizes&quot;:[]}}\" data-widget_type=\"image.default\">\n\t\t\t\t<div class=\"elementor-widget-container\">\n\t\t\t\t\t\t\t\t\t\t\t\t\t\t\t\t<a href=\"https:\/\/www.passage309.eu\/wp-content\/uploads\/2024\/01\/37-OT-PAYS-RHENAN-Celine-Schnell-Une-Fille-En-Alsace-2022-scaled.jpg\" data-elementor-open-lightbox=\"yes\" data-elementor-lightbox-title=\"37-OT-PAYS-RHENAN-Celine-Schnell-Une-Fille-En-Alsace-2022\" data-e-action-hash=\"#elementor-action%3Aaction%3Dlightbox%26settings%3DeyJpZCI6MTM2NywidXJsIjoiaHR0cHM6XC9cL3d3dy5wYXNzYWdlMzA5LmV1XC93cC1jb250ZW50XC91cGxvYWRzXC8yMDI0XC8wMVwvMzctT1QtUEFZUy1SSEVOQU4tQ2VsaW5lLVNjaG5lbGwtVW5lLUZpbGxlLUVuLUFsc2FjZS0yMDIyLXNjYWxlZC5qcGcifQ%3D%3D\">\n\t\t\t\t\t\t\t<img decoding=\"async\" src=\"https:\/\/www.passage309.eu\/wp-content\/uploads\/elementor\/thumbs\/37-OT-PAYS-RHENAN-Celine-Schnell-Une-Fille-En-Alsace-2022-scaled-qj15snatwkl9yf7kaxqd2aoie1vfgh7dxjxt74uxs0.jpg\" title=\"37-OT-PAYS-RHENAN-Celine-Schnell-Une-Fille-En-Alsace-2022\" alt=\"37-OT-PAYS-RHENAN-Celine-Schnell-Une-Fille-En-Alsace-2022\" loading=\"lazy\" \/>\t\t\t\t\t\t\t\t<\/a>\n\t\t\t\t\t\t\t\t\t\t\t\t\t\t\t<\/div>\n\t\t\t\t<\/div>\n\t\t\t\t\t<\/div>\n\t\t<\/div>\n\t\t\t\t\t<\/div>\n\t\t<\/section>\n\t\t\t\t<section class=\"elementor-section elementor-inner-section elementor-element elementor-element-33724a0 elementor-section-boxed elementor-section-height-default elementor-section-height-default parallax_section_no qode_elementor_container_no\" data-id=\"33724a0\" data-element_type=\"section\" data-e-type=\"section\">\n\t\t\t\t\t\t<div class=\"elementor-container elementor-column-gap-default\">\n\t\t\t\t\t<div class=\"elementor-column elementor-col-33 elementor-inner-column elementor-element elementor-element-4cbc47a\" data-id=\"4cbc47a\" data-element_type=\"column\" data-e-type=\"column\">\n\t\t\t<div class=\"elementor-widget-wrap elementor-element-populated\">\n\t\t\t\t\t\t<div class=\"elementor-element elementor-element-acf03da elementor-widget__width-inherit elementor-widget elementor-widget-heading\" data-id=\"acf03da\" data-element_type=\"widget\" data-e-type=\"widget\" data-widget_type=\"heading.default\">\n\t\t\t\t<div class=\"elementor-widget-container\">\n\t\t\t\t\t<p class=\"elementor-heading-title elementor-size-default\">Partenaires du Projet<\/p>\t\t\t\t<\/div>\n\t\t\t\t<\/div>\n\t\t\t\t<div class=\"elementor-element elementor-element-9d22e8f elementor-widget__width-initial elementor-widget elementor-widget-text-editor\" data-id=\"9d22e8f\" data-element_type=\"widget\" data-e-type=\"widget\" data-widget_type=\"text-editor.default\">\n\t\t\t\t<div class=\"elementor-widget-container\">\n\t\t\t\t\t\t\t\t\t<ul><li>Passage309 : Porteur de projet<\/li><li>Land Baden-W\u00fcrttemberg<\/li><li>District de l'Ortenau<\/li><li>Commune de Rheinau<\/li><li>R\u00e9gion Alsace<\/li><li>VNF &#8211; Voies Navigables De France<\/li><li>ADEAN &#8211; Association pour le D\u00e9veloppement en Alsace du Nord<\/li><li>EDF-CERGA<\/li><\/ul>\t\t\t\t\t\t\t\t<\/div>\n\t\t\t\t<\/div>\n\t\t\t\t\t<\/div>\n\t\t<\/div>\n\t\t\t\t<div class=\"elementor-column elementor-col-33 elementor-inner-column elementor-element elementor-element-a5f6192\" data-id=\"a5f6192\" data-element_type=\"column\" data-e-type=\"column\">\n\t\t\t<div class=\"elementor-widget-wrap elementor-element-populated\">\n\t\t\t\t\t\t<div class=\"elementor-element elementor-element-73983c9 elementor-widget__width-inherit elementor-widget elementor-widget-heading\" data-id=\"73983c9\" data-element_type=\"widget\" data-e-type=\"widget\" data-widget_type=\"heading.default\">\n\t\t\t\t<div class=\"elementor-widget-container\">\n\t\t\t\t\t<p class=\"elementor-heading-title elementor-size-default\">Chiffres Cl\u00e9s<\/p>\t\t\t\t<\/div>\n\t\t\t\t<\/div>\n\t\t\t\t<div class=\"elementor-element elementor-element-2946e9f elementor-widget__width-initial elementor-widget elementor-widget-text-editor\" data-id=\"2946e9f\" data-element_type=\"widget\" data-e-type=\"widget\" data-widget_type=\"text-editor.default\">\n\t\t\t\t<div class=\"elementor-widget-container\">\n\t\t\t\t\t\t\t\t\t<strong>Montant total du projet :<\/strong>\n<br>\nEnviron 900 000 \u20ac\n<br><br>\n<strong>Financement :<\/strong>\n<br>\n50% provenant d\u2019un cofinancement au titre du programme Interreg V (FEDER)\n<br><br>\n<strong>P\u00e9riode du projet :<\/strong>\n<br>\nDu 01\/01\/2005 au 01\/01\/2008\t\t\t\t\t\t\t\t<\/div>\n\t\t\t\t<\/div>\n\t\t\t\t\t<\/div>\n\t\t<\/div>\n\t\t\t\t<div class=\"elementor-column elementor-col-33 elementor-inner-column elementor-element elementor-element-9253ba6\" data-id=\"9253ba6\" data-element_type=\"column\" data-e-type=\"column\">\n\t\t\t<div class=\"elementor-widget-wrap elementor-element-populated\">\n\t\t\t\t\t\t<div class=\"elementor-element elementor-element-23a83ec elementor-widget__width-inherit elementor-widget elementor-widget-heading\" data-id=\"23a83ec\" data-element_type=\"widget\" data-e-type=\"widget\" data-widget_type=\"heading.default\">\n\t\t\t\t<div class=\"elementor-widget-container\">\n\t\t\t\t\t<p class=\"elementor-heading-title elementor-size-default\">T\u00e9l\u00e9chargements<\/p>\t\t\t\t<\/div>\n\t\t\t\t<\/div>\n\t\t\t\t<section class=\"elementor-section elementor-inner-section elementor-element elementor-element-89e20fc elementor-section-full_width elementor-section-content-middle elementor-section-height-default elementor-section-height-default parallax_section_no qode_elementor_container_no\" data-id=\"89e20fc\" data-element_type=\"section\" data-e-type=\"section\">\n\t\t\t\t\t\t<div class=\"elementor-container elementor-column-gap-default\">\n\t\t\t\t\t<div class=\"elementor-column elementor-col-33 elementor-inner-column elementor-element elementor-element-514b6a6\" data-id=\"514b6a6\" data-element_type=\"column\" data-e-type=\"column\">\n\t\t\t<div class=\"elementor-widget-wrap elementor-element-populated\">\n\t\t\t\t\t\t<div class=\"elementor-element elementor-element-fd67824 elementor-widget elementor-widget-text-editor\" data-id=\"fd67824\" data-element_type=\"widget\" data-e-type=\"widget\" data-widget_type=\"text-editor.default\">\n\t\t\t\t<div class=\"elementor-widget-container\">\n\t\t\t\t\t\t\t\t\t<p>PDF<\/p>\t\t\t\t\t\t\t\t<\/div>\n\t\t\t\t<\/div>\n\t\t\t\t\t<\/div>\n\t\t<\/div>\n\t\t\t\t<div class=\"elementor-column elementor-col-33 elementor-inner-column elementor-element elementor-element-f34d80b\" data-id=\"f34d80b\" data-element_type=\"column\" data-e-type=\"column\">\n\t\t\t<div class=\"elementor-widget-wrap elementor-element-populated\">\n\t\t\t\t\t\t<div class=\"elementor-element elementor-element-f4aa77f elementor-widget elementor-widget-heading\" data-id=\"f4aa77f\" data-element_type=\"widget\" data-e-type=\"widget\" data-widget_type=\"heading.default\">\n\t\t\t\t<div class=\"elementor-widget-container\">\n\t\t\t\t\t<p class=\"elementor-heading-title elementor-size-default\">Rapport de projet<\/p>\t\t\t\t<\/div>\n\t\t\t\t<\/div>\n\t\t\t\t\t<\/div>\n\t\t<\/div>\n\t\t\t\t<div class=\"elementor-column elementor-col-33 elementor-inner-column elementor-element elementor-element-d11857a\" data-id=\"d11857a\" data-element_type=\"column\" data-e-type=\"column\">\n\t\t\t<div class=\"elementor-widget-wrap elementor-element-populated\">\n\t\t\t\t\t\t<div class=\"elementor-element elementor-element-3111842 elementor-view-stacked elementor-shape-square elementor-widget elementor-widget-icon\" data-id=\"3111842\" data-element_type=\"widget\" data-e-type=\"widget\" data-widget_type=\"icon.default\">\n\t\t\t\t<div class=\"elementor-widget-container\">\n\t\t\t\t\t\t\t<div class=\"elementor-icon-wrapper\">\n\t\t\t<a class=\"elementor-icon elementor-animation-grow\" href=\"https:\/\/www.passage309.eu\/wp-content\/uploads\/2024\/02\/Projektreport_zweisprachig.pdf\" download=\"Projektreport-zweisprachig\">\n\t\t\t<svg xmlns=\"http:\/\/www.w3.org\/2000\/svg\" height=\"24\" width=\"24\" viewbox=\"0 0 24 24\"><title>move layer down<\/title><g stroke-linecap=\"square\" stroke-width=\"2\" fill=\"none\" stroke=\"#ffffff\" stroke-linejoin=\"miter\" class=\"nc-icon-wrapper\" stroke-miterlimit=\"10\"><line data-cap=\"butt\" x1=\"12\" y1=\"1\" x2=\"12\" y2=\"17\" stroke-linecap=\"butt\"><\/line><polyline points=\"18,11 12,17 6,11 \"><\/polyline><line x1=\"22\" y1=\"22\" x2=\"2\" y2=\"22\" stroke=\"#ffffff\"><\/line><\/g><\/svg>\t\t\t<\/a>\n\t\t<\/div>\n\t\t\t\t\t\t<\/div>\n\t\t\t\t<\/div>\n\t\t\t\t\t<\/div>\n\t\t<\/div>\n\t\t\t\t\t<\/div>\n\t\t<\/section>\n\t\t\t\t<div class=\"elementor-element elementor-element-6e277ab elementor-widget-divider--view-line elementor-widget elementor-widget-divider\" data-id=\"6e277ab\" data-element_type=\"widget\" data-e-type=\"widget\" data-widget_type=\"divider.default\">\n\t\t\t\t<div class=\"elementor-widget-container\">\n\t\t\t\t\t\t\t<div class=\"elementor-divider\">\n\t\t\t<span class=\"elementor-divider-separator\">\n\t\t\t\t\t\t<\/span>\n\t\t<\/div>\n\t\t\t\t\t\t<\/div>\n\t\t\t\t<\/div>\n\t\t\t\t\t<\/div>\n\t\t<\/div>\n\t\t\t\t\t<\/div>\n\t\t<\/section>\n\t\t\t\t<div class=\"elementor-element elementor-element-cbfc532 elementor-widget-divider--view-line elementor-widget elementor-widget-divider\" data-id=\"cbfc532\" data-element_type=\"widget\" data-e-type=\"widget\" data-widget_type=\"divider.default\">\n\t\t\t\t<div class=\"elementor-widget-container\">\n\t\t\t\t\t\t\t<div class=\"elementor-divider\">\n\t\t\t<span class=\"elementor-divider-separator\">\n\t\t\t\t\t\t<\/span>\n\t\t<\/div>\n\t\t\t\t\t\t<\/div>\n\t\t\t\t<\/div>\n\t\t\t\t<section class=\"elementor-section elementor-inner-section elementor-element elementor-element-d67ff04 elementor-section-boxed elementor-section-height-default elementor-section-height-default parallax_section_no qode_elementor_container_no\" data-id=\"d67ff04\" data-element_type=\"section\" data-e-type=\"section\">\n\t\t\t\t\t\t<div class=\"elementor-container elementor-column-gap-default\">\n\t\t\t\t\t<div class=\"elementor-column elementor-col-50 elementor-inner-column elementor-element elementor-element-7d750ec\" data-id=\"7d750ec\" data-element_type=\"column\" data-e-type=\"column\">\n\t\t\t<div class=\"elementor-widget-wrap elementor-element-populated\">\n\t\t\t\t\t\t<div class=\"elementor-element elementor-element-b68da63 elementor-widget__width-inherit elementor-widget elementor-widget-heading\" data-id=\"b68da63\" data-element_type=\"widget\" data-e-type=\"widget\" data-widget_type=\"heading.default\">\n\t\t\t\t<div class=\"elementor-widget-container\">\n\t\t\t\t\t<p class=\"elementor-heading-title elementor-size-default\">Autres projets :<\/p>\t\t\t\t<\/div>\n\t\t\t\t<\/div>\n\t\t\t\t<div class=\"elementor-element elementor-element-1bda537 elementor-widget__width-initial elementor-widget elementor-widget-text-editor\" data-id=\"1bda537\" data-element_type=\"widget\" data-e-type=\"widget\" data-widget_type=\"text-editor.default\">\n\t\t\t\t<div class=\"elementor-widget-container\">\n\t\t\t\t\t\t\t\t\tPassage309, est une association qui a jou\u00e9 un r\u00f4le cl\u00e9 dans la r\u00e9alisation de projets d'envergure visant \u00e0 promouvoir le d\u00e9veloppement du site rh\u00e9nan.\t\t\t\t\t\t\t\t<\/div>\n\t\t\t\t<\/div>\n\t\t\t\t\t<\/div>\n\t\t<\/div>\n\t\t\t\t<div class=\"elementor-column elementor-col-50 elementor-inner-column elementor-element elementor-element-2bc2fff\" data-id=\"2bc2fff\" data-element_type=\"column\" data-e-type=\"column\">\n\t\t\t<div class=\"elementor-widget-wrap elementor-element-populated\">\n\t\t\t\t\t\t<div class=\"elementor-element elementor-element-d6bb433 elementor-widget__width-initial elementor-widget elementor-widget-heading\" data-id=\"d6bb433\" data-element_type=\"widget\" data-e-type=\"widget\" data-widget_type=\"heading.default\">\n\t\t\t\t<div class=\"elementor-widget-container\">\n\t\t\t\t\t<p class=\"elementor-heading-title elementor-size-default\">PK309 : Travers\u00e9e S\u00e9curis\u00e9e du Rhin pour Cyclistes et Pi\u00e9tons entre Gambsheim et Rheinau<\/p>\t\t\t\t<\/div>\n\t\t\t\t<\/div>\n\t\t\t\t<div class=\"elementor-element elementor-element-17fc93d elementor-widget__width-initial elementor-widget elementor-widget-text-editor\" data-id=\"17fc93d\" data-element_type=\"widget\" data-e-type=\"widget\" data-widget_type=\"text-editor.default\">\n\t\t\t\t<div class=\"elementor-widget-container\">\n\t\t\t\t\t\t\t\t\t<p>Outre sa contribution \u00e0 la mobilit\u00e9 douce, la r\u00e9alisation de cette travers\u00e9e renforce le lien entre les villes de Gambsheim et Rheinau puisque lors de son inauguration le jumelage entre les 2 villes a \u00e9t\u00e9 officialis\u00e9. Le projet, d'une envergure de 5 936 000 \u20ac, a \u00e9t\u00e9 r\u00e9alis\u00e9 avec le soutien de partenaires engag\u00e9s.<\/p>\t\t\t\t\t\t\t\t<\/div>\n\t\t\t\t<\/div>\n\t\t\t\t<div class=\"elementor-element elementor-element-133ea5a elementor-button-info elementor-widget elementor-widget-button\" data-id=\"133ea5a\" data-element_type=\"widget\" data-e-type=\"widget\" data-widget_type=\"button.default\">\n\t\t\t\t<div class=\"elementor-widget-container\">\n\t\t\t\t\t\t\t\t\t<div class=\"elementor-button-wrapper\">\n\t\t\t\t\t<a class=\"elementor-button elementor-button-link elementor-size-md\" href=\"\/fr\/projekt-rheinuebergang\/\">\n\t\t\t\t\t\t<span class=\"elementor-button-content-wrapper\">\n\t\t\t\t\t\t\t\t\t<span class=\"elementor-button-text\">En savoir plus<\/span>\n\t\t\t\t\t<\/span>\n\t\t\t\t\t<\/a>\n\t\t\t\t<\/div>\n\t\t\t\t\t\t\t\t<\/div>\n\t\t\t\t<\/div>\n\t\t\t\t\t<\/div>\n\t\t<\/div>\n\t\t\t\t\t<\/div>\n\t\t<\/section>\n\t\t\t\t\t<\/div>\n\t\t<\/div>\n\t\t\t\t\t<\/div>\n\t\t<\/section>\n\t\t\t\t<\/div>","protected":false},"excerpt":{"rendered":"<p>Touristische Nutzung des Rhein-Abschnitts GambsheimRheinau und Umgebung Seit der Gr\u00fcndung im Jahr 2005 hat Passage309 mehrere europ\u00e4ische Projekte geleitet, darunter die Entwicklung des Tourismus im Rhein-Gebiet von Gambsheim-Rheinau und Umgebung. Unser Ziel war es, einen grenz\u00fcberschreitenden \u00f6kotouristischen Raum zu schaffen, um den touristischen Verkehr \u00fcber&#8230;<\/p>","protected":false},"author":1,"featured_media":0,"parent":0,"menu_order":0,"comment_status":"closed","ping_status":"closed","template":"","meta":{"footnotes":""},"class_list":["post-1354","page","type-page","status-publish","hentry"],"_links":{"self":[{"href":"https:\/\/www.passage309.eu\/fr\/wp-json\/wp\/v2\/pages\/1354","targetHints":{"allow":["GET"]}}],"collection":[{"href":"https:\/\/www.passage309.eu\/fr\/wp-json\/wp\/v2\/pages"}],"about":[{"href":"https:\/\/www.passage309.eu\/fr\/wp-json\/wp\/v2\/types\/page"}],"author":[{"embeddable":true,"href":"https:\/\/www.passage309.eu\/fr\/wp-json\/wp\/v2\/users\/1"}],"replies":[{"embeddable":true,"href":"https:\/\/www.passage309.eu\/fr\/wp-json\/wp\/v2\/comments?post=1354"}],"version-history":[{"count":0,"href":"https:\/\/www.passage309.eu\/fr\/wp-json\/wp\/v2\/pages\/1354\/revisions"}],"wp:attachment":[{"href":"https:\/\/www.passage309.eu\/fr\/wp-json\/wp\/v2\/media?parent=1354"}],"curies":[{"name":"wp","href":"https:\/\/api.w.org\/{rel}","templated":true}]}}